{"id":2546,"date":"2017-06-15T20:08:21","date_gmt":"2017-06-15T18:08:21","guid":{"rendered":"https:\/\/sportfamily.it\/?page_id=2546"},"modified":"2017-06-15T20:08:21","modified_gmt":"2017-06-15T18:08:21","slug":"cookie-policy","status":"publish","type":"page","link":"https:\/\/sportfamily.it\/index.php\/cookie-policy\/","title":{"rendered":"Cookie Policy"},"content":{"rendered":"<div class=\"wpb-content-wrapper\"><p>[vc_row][vc_column][vc_column_text]<strong>Informativa Cookies<\/strong><br \/>\nCon il presente documento, ai sensi degli artt. 13 e 122 del D. Lgs. 196\/2003 (\u201ccodice privacy\u201d), nonch\u00e9 in base a quanto previsto dal Provvedimento generale del Garante privacy dell\u20198 maggio 2014, POLISPORTIVA SEDRIANO TICINO SPORT SSD a.r.l., titolare del trattamento, fornisce agli utenti del sito sportfamily.it alcune informazioni relative ai cookies utilizzati o di cui si consente l\u2019installazione.<\/p>\n<p><strong>Cosa sono i cookie<\/strong><br \/>\nUn \u201ccookie\u201d \u00e8 un piccolo file di testo creato sul computer dell\u2019utente al momento in cui questo accede ad un determinato sito, con lo scopo di immagazzinare e trasportare informazioni. I cookie sono inviati da un server web (che \u00e8 il computer sul quale \u00e8 in esecuzione il sito web visitato) al browser dell\u2019utente (Internet Explorer, Mozilla Firefox, Google Chrome, ecc.) e memorizzati sul computer di quest\u2019ultimo; vengono, quindi, re-inviati al sito web al momento delle visite successive.<br \/>\nNel corso della navigazione l\u2019utente potrebbe ricevere sul suo terminale anche cookie di siti diversi (c.d. cookies di \u201cterze parti\u201d), impostati direttamente da gestori di detti siti web e utilizzati per le finalit\u00e0 e secondo le modalit\u00e0 da questi definiti.<\/p>\n<p><strong>Tipologie di cookie utilizzate dal presente sito<\/strong><br \/>\nIl Sito utilizza cookie solo per garantire e agevolare la navigazione e fruizione del sito web e per raccogliere informazioni, in forma aggregata, su visite al sito. Non vengono invece in alcun modo utilizzati cookie per finalit\u00e0 profilanti, e ci\u00f2 anche con riferimento all\u2019installazione, attraverso il sito, di cookie di terze parti che potrebbero da queste essere utilizzati, in modo del tutto autonomo, per loro fini di profilazione.<\/p>\n<p><strong>Cookie del Titolare<\/strong><br \/>\nIl sito sportfamily.it utilizza solo cookie tecnici, rispetto ai quali, ai sensi dell\u2019art. 122 del codice privacy e del Provvedimento del Garante dell\u20198 maggio 2014, non \u00e8 richiesto alcun consenso da parte dell\u2019interessato.<br \/>\nPi\u00f9 precisamente il sito utilizza:<br \/>\n\u2013 cookie tecnici necessari alla navigazione da parte dell\u2019utente, che si eliminano al termine della sessione di navigazione.<br \/>\nIn assenza di tali cookie, il sito web non potrebbe funzionare correttamente.<br \/>\n\u2013 cookie tecnico che agevola la navigazione dell\u2019utente, riconoscendolo ed evitando che l\u2019informativa breve sui cookie contenuta nel banner ricompaia nel caso di collegamenti al sito effettuati entro il termine di scadenza. Si attiva cliccando \u201cok\u201d sul banner.<\/p>\n<p><strong>Cookie di terze parti<\/strong><br \/>\nAttraverso il sito sportfamily.it sono installati alcuni cookie di terze parti, anche profilanti, che si attivano cliccando \u201cok\u201d sul banner.<br \/>\nSi riportano nel dettaglio i singoli cookie di terze parti, nonch\u00e9 i link attraverso i quali l\u2019utente pu\u00f2 ricevere maggiori informazioni e richiedere la disattivazione dei cookie.<br \/>\nGoogle Analytics<br \/>\nIl Sito utilizza Google Analytics per meri fini statistici. Si tratta di un servizio di analisi web fornito da Google Inc. (\u201cGoogle\u201d) che utilizza dei cookie, che vengono depositati sul computer dell\u2019utente per consentire analisi statistiche in forma aggregata in ordine all\u2019utilizzo del sito web visitato; si precisa inoltre che oltre i cookie, viene utilizzato da Google anche un pixel tag (http:\/\/www.google.it\/intl\/it\/policies\/privacy\/key-terms\/).<br \/>\nI Dati generati da Google Analytics sono conservati da Google cos\u00ec come indicato nella Informativa reperibile quihttps:\/\/developers.google.com\/analytics\/devguides\/collection\/analyticsjs\/cookie-usage<br \/>\nPer consultare l\u2019informativa privacy della societ\u00e0 Google Inc., titolare autonomo del trattamento dei dati relativi al servizio Google Analytics, si rinvia al sito Internet http:\/\/www.google.com\/intl\/en\/analytics\/privacyoverview.html<br \/>\nCome espressamente indicato dal Garante Privacy con i \u201cChiarimenti in merito all\u2019attuazione della normativa in materia di cookie\u201d del 5 Giugno 2015, i siti che utilizzano, per meri fini statistici, cookie analitici realizzati e messi a disposizione da terze parti non sono soggetti agli obblighi e agli adempimenti previsti dalla normativa (notificazione al Garante in primis) qualora vengano adottati strumenti idonei a ridurre il potere identificativo dei cookie analitici che utilizzano (ad esempio, mediante il mascheramento di porzioni significative dell\u2019indirizzo IP) e purch\u00e9 l\u2019impiego di tali cookie sia subordinato a vincoli contrattuali tra siti e terze parti, nei quali si faccia espressamente richiamo all\u2019impegno della terza parte o a utilizzarli esclusivamente per la fornitura del servizio, a conservarli separatamente e a non \u201carricchirli\u201d o a non \u201cincrociarli\u201d con altre informazioni di cui esse dispongano.<br \/>\nIl Titolare del presente sito ha deciso di avvalersi della funzione di anonimizzazione degli IP degli utenti fornita da Google (descritta al seguente link:https:\/\/support.google.com\/analytics\/answer\/2763052?hl=it) e ha accettato l\u2019Emendamento sull\u2019elaborazione dei dati (Google Analytics Data Processing Amendment v20130906) messo a disposizione da Google Analytics nel rispetto della Direttiva 95\/46\/CE, con cui Google si impegna a trattare i dati secondo le richieste del Cliente \u2013 Titolare del sito e a non condividerli con altri servizi aggiuntivi se non sia il Cliente stesso a richiederlo, attraverso le impostazioni dei servizi. Sul punto si informa l\u2019utente che il Titolare del presente sito non ha collegato Google Analytics ad alcun servizio aggiuntivo e che non \u00e8 stata attivata alcuna opzione pubblicitaria o di condivisione dei dati con Google.<br \/>\nAlla luce degli accorgimenti adottati, il servizio di Google Analytics, usato dal presente sito per meri fini statistici, si attiva all\u2019atterraggio, non richiedendosi all\u2019utente alcun consenso per il rilascio dei relativi cookie.<br \/>\nAl seguente link https:\/\/tools.google.com\/dlpage\/gaoptout?hl=it vi \u00e8 il componente aggiuntivo del browser per la disattivazione di Google Analytics.<\/p>\n<p><strong>Pulsanti e widget di social network<\/strong><br \/>\nI Social buttons sono quei particolari \u201cpulsanti\u201d presenti sul sito che raffigurano le icone di social network (esempio, Facebook e Twitter) e consentono agli utenti che stanno navigando di interagire con un \u201cclick\u201d direttamente con le piattaforme social.<br \/>\nI social buttons utilizzati dal sito sono dei link che rinviano agli account del Titolare sui social network raffigurati. Tramite l\u2019utilizzo di tali pulsanti non sono pertanto installati cookie di terze parti. Si riportano comunque i link ove l\u2019utente pu\u00f2 prendere visione dell\u2019informativa privacy relativa alla gestione dei dati da parte dei Social cui i pulsanti rinviano.<br \/>\nhttps:\/\/support.twitter.com\/articles\/20170519-uso-dei-cookie-e-di-altre-tecnologie-simili-da-parte-di-twitter#<br \/>\nhttps:\/\/www.facebook.com\/help\/cookies<br \/>\nhttps:\/\/www.linkedin.com\/legal\/cookie_policy https:\/\/instagram.com\/legal\/cookies\/<\/p>\n<p><strong>Widget di Twitter<\/strong><br \/>\nIl sito incorpora il widget di Twitter e tale servizio comporta l\u2019installazione di cookie, anche profilanti, da parte di Twitter Inc. Nessuna informazione viene invece condivisa dal sito in cui il widget \u00e8 incorporato. Per maggiori informazioni, anche sulla disattivazione di tali cookie, si consiglia di consultare i seguenti link:<br \/>\nhttp:\/\/twitter.com\/privacy<br \/>\nhttps:\/\/support.twitter.com\/articles\/20170519-uso-dei-cookie-e-di-altre-tecnologie-simili-da-parte-di-twitter#<br \/>\nConferimento dei dati<br \/>\nFatta eccezione per i cookie tecnici strettamente necessari alla normale navigazione, il conferimento dei dati \u00e8 rimesso alla volont\u00e0 dell\u2019interessato che decida di navigare sul sito dopo aver preso visione dell\u2019informativa breve contenuta nell\u2019apposito banner.<br \/>\nL\u2019interessato pu\u00f2 quindi evitare l\u2019installazione dei cookie mantenendo il banner (astenendosi quindi dal chiuderlo cliccando sul tasto \u201cok\u201d), nonch\u00e9 attraverso le apposite funzioni disponibili sul proprio browser.<br \/>\nDisabilitazione dei cookie<br \/>\n\u2013 Fermo restando quanto sopra indicato in ordine ai cookie strettamente necessari alla navigazione, l\u2019utente pu\u00f2 eliminare gli altri cookie attraverso la funzionalit\u00e0 a tal fine messa a disposizione dal Titolare tramite la presente informativa oppure direttamente tramite il proprio browser.<br \/>\nCiascun browser presenta procedure diverse per la gestione delle impostazioni. L\u2019utente pu\u00f2 ottenere istruzioni specifiche attraverso i link sottostanti.<br \/>\nMicrosoft Windows Explorer<br \/>\nGoogle Chrome<br \/>\nMozilla Firefox<br \/>\nApple Safari<br \/>\n\u2013 La disattivazione dei cookie di terze parti \u00e8 inoltre possibile attraverso le modalit\u00e0 rese disponibili direttamente dalla societ\u00e0 terza titolare per detto trattamento, come indicato ai link riportati nel paragrafo \u201ccookie di terze parti\u201d<br \/>\n\u2013 Per avere informazioni sui cookie archiviati sul proprio terminale e disattivarli singolarmente si rinvia al link: http:\/\/www.youronlinechoices.com\/it\/le-tue-scelte<br \/>\nDiritti dell\u2019interessato<br \/>\nL\u2019interessato potr\u00e0 far valere in ogni momento, rivolgendosi al titolare del trattamento tramite l\u2019invio di una mail all\u2019indirizzo info@sportfamily.it, i diritti di cui all\u2019art. 7 del D.Lgs. 30 giugno 2003 n. 196, che di seguito si riporta testualmente.<br \/>\nArt. 7 D. Lgs. 196\/2003<br \/>\n1. L\u2019interessato ha diritto di ottenere la conferma dell\u2019esistenza o meno di dati personali che lo riguardano, anche se non ancora registrati, e la loro comunicazione in forma intelligibile.<br \/>\n2. L\u2019interessato ha diritto di ottenere l\u2019indicazione:<br \/>\na) dell\u2019origine dei dati personali;<br \/>\nb) delle finalit\u00e0 e modalit\u00e0 del trattamento;<br \/>\nc) della logica applicata in caso di trattamento effettuato con l\u2019ausilio di strumenti elettronici;<br \/>\nd) degli estremi identificativi del titolare, dei responsabili e del rappresentante designato ai sensi dell\u2019articolo 5, comma 2;<br \/>\ne) dei soggetti o delle categorie di soggetti ai quali i dati personali possono essere comunicati o che possono venirne a conoscenza in qualit\u00e0 di rappresentante designato nel territorio dello Stato, di responsabili o incaricati.<br \/>\n3. L\u2019interessato ha diritto di ottenere:<br \/>\na) l\u2019aggiornamento, la rettificazione ovvero, quando vi ha interesse, l\u2019integrazione dei dati;<br \/>\nb) la cancellazione, la trasformazione in forma anonima o il blocco dei dati trattati in violazione di legge, compresi quelli di cui non \u00e8 necessaria la conservazione in relazione agli scopi per i quali i dati sono stati raccolti o successivamente trattati;<br \/>\nc) l\u2019attestazione che le operazioni di cui alle lettere a) e b) sono state portate a conoscenza, anche per quanto riguarda il loro contenuto, di coloro ai quali i dati sono stati comunicati o diffusi, eccettuato il caso in cui tale adempimento si rivela impossibile o comporta un impiego di mezzi manifestamente sproporzionato rispetto al diritto tutelato.<br \/>\n4. L\u2019interessato ha diritto di opporsi, in tutto o in parte:<br \/>\na) per motivi legittimi al trattamento dei dati personali che lo riguardano, ancorch\u00e9 pertinenti allo scopo della raccolta;<br \/>\nb) al trattamento di dati personali che lo riguardano a fini di invio di materiale pubblicitario o di vendita diretta o per il compimento di ricerche di mercato o di comunicazione commerciale.[\/vc_column_text][\/vc_column][\/vc_row]<\/p>\n<\/div>","protected":false},"excerpt":{"rendered":"<p>[vc_row][vc_column][vc_column_text]Informativa Cookies Con il presente documento, ai sensi degli artt. 13 e 122 del D. Lgs. 196\/2003 (\u201ccodice privacy\u201d), nonch\u00e9 in base a quanto previsto dal Provvedimento generale del Garante privacy dell\u20198 maggio 2014, POLISPORTIVA SEDRIANO TICINO SPORT SSD a.r.l., titolare del trattamento, fornisce agli utenti del sito sportfamily.it alcune informazioni relative ai cookies utilizzati [&hellip;]<\/p>\n","protected":false},"author":1,"featured_media":0,"parent":0,"menu_order":0,"comment_status":"closed","ping_status":"closed","template":"","meta":{"footnotes":""},"class_list":["post-2546","page","type-page","status-publish","hentry"],"_links":{"self":[{"href":"https:\/\/sportfamily.it\/index.php\/wp-json\/wp\/v2\/pages\/2546","targetHints":{"allow":["GET"]}}],"collection":[{"href":"https:\/\/sportfamily.it\/index.php\/wp-json\/wp\/v2\/pages"}],"about":[{"href":"https:\/\/sportfamily.it\/index.php\/wp-json\/wp\/v2\/types\/page"}],"author":[{"embeddable":true,"href":"https:\/\/sportfamily.it\/index.php\/wp-json\/wp\/v2\/users\/1"}],"replies":[{"embeddable":true,"href":"https:\/\/sportfamily.it\/index.php\/wp-json\/wp\/v2\/comments?post=2546"}],"version-history":[{"count":0,"href":"https:\/\/sportfamily.it\/index.php\/wp-json\/wp\/v2\/pages\/2546\/revisions"}],"wp:attachment":[{"href":"https:\/\/sportfamily.it\/index.php\/wp-json\/wp\/v2\/media?parent=2546"}],"curies":[{"name":"wp","href":"https:\/\/api.w.org\/{rel}","templated":true}]}}