{"id":2380,"date":"2017-06-14T00:27:20","date_gmt":"2017-06-13T22:27:20","guid":{"rendered":"https:\/\/sportfamily.it\/?page_id=2380"},"modified":"2017-07-11T11:49:26","modified_gmt":"2017-07-11T09:49:26","slug":"chi-siamo","status":"publish","type":"page","link":"https:\/\/sportfamily.it\/index.php\/chi-siamo\/","title":{"rendered":"Chi Siamo"},"content":{"rendered":"<p>Fitness&amp;Sport\u00a0 cambia pelle (ma non l\u2019anima!!) e diventa <strong>SPORTfamily<\/strong>.<\/p>\n<p>Fitness&amp;Sport, l\u2019organizzazione formata da dirigenti, istruttori, segretarie e personale tecnico che, per conto di Polisportiva Sedriano Ticino Sport, si occupa quotidianamente della gestione degli impianti sportivi del Palasport e della Piscina di Sedriano, a partire da luned\u00ec 10 Luglio 2017\u00a0 cambia pelle e diventa SPORTfamily.<\/p>\n<p>Abbiamo deciso questo cambiamento per una serie di ragioni:<\/p>\n<p>&#8211; perch\u00e9 volevamo fosse pi\u00f9 esplicita la \u00a0MISSION del nostro gruppo che \u00e8 quella di \u201cPRENDERCI CURA DELLA TUA FAMIGLIA\u201d attraverso l\u2019organizzazione di attivit\u00e0 motorie e sportive dedicate a tutte le fasce di et\u00e0, a partire dal bambino di pochi mesi fino all\u2019anziano, e attraverso ad una serie di agevolazioni pensate proprio \u201cPER \u00a0la famiglia\u201d: per citarne solo una a titolo d\u2019esempio,\u00a0 se iscrivi tuo figlio ad uno dei nostri corsi dedicati ai minori, tu genitore hai diritto ad usufruire gratuitamente del servizio di Sala Pesi negli stessi giorni ed orari dell\u2019 attivit\u00e0 frequentata dal tuo bambino<\/p>\n<p>&#8211; perch\u00e9 ci sentiamo una grande famiglia allargata a tutti coloro che amano fare sport e, pi\u00f9 in generale, mantenersi in forma. Il ventaglio delle nostre proposte motorie e sportive \u00e8 veramente molto ampio: acquaticit\u00e0, tennis, calcio, arti marziali, riabilitazione in acqua , Ginnastica Artistica, preparazione atletica, corsi nuoto 0-18 anni, running, cycling , yoga, danza e decine e decine di altre attivit\u00e0 per ogni gusto e passione.\u00a0 Quindi, se ami camminare, correre, saltare, pedalare, ballare, insomma \u2026..se ami o vorresti tanto avere\u00a0 uno stile di vita dinamico e salutare, allora\u00a0 sei dei nostri<\/p>\n<p>MA SOPRATTUTTO PERCHE\u2019\u2026. IN FAMIGLIA DIVENTA TUTTO PIU\u2019 FACILE E DIVERTENTE!!<\/p>\n<p>VIENI A TROVARCI. TI SENTIRAI SUBITO\u2026 IN FAMIGLIA<\/p>\n","protected":false},"excerpt":{"rendered":"<p>Fitness&amp;Sport\u00a0 cambia pelle (ma non l\u2019anima!!) e diventa SPORTfamily. Fitness&amp;Sport, l\u2019organizzazione formata da dirigenti, istruttori, segretarie e personale tecnico che, per conto di Polisportiva Sedriano Ticino Sport, si occupa quotidianamente della gestione degli impianti sportivi del Palasport e della Piscina di Sedriano, a partire da luned\u00ec 10 Luglio 2017\u00a0 cambia pelle e diventa SPORTfamily. Abbiamo [&hellip;]<\/p>\n","protected":false},"author":1,"featured_media":10,"parent":0,"menu_order":0,"comment_status":"closed","ping_status":"closed","template":"","meta":{"footnotes":""},"class_list":["post-2380","page","type-page","status-publish","has-post-thumbnail","hentry"],"_links":{"self":[{"href":"https:\/\/sportfamily.it\/index.php\/wp-json\/wp\/v2\/pages\/2380","targetHints":{"allow":["GET"]}}],"collection":[{"href":"https:\/\/sportfamily.it\/index.php\/wp-json\/wp\/v2\/pages"}],"about":[{"href":"https:\/\/sportfamily.it\/index.php\/wp-json\/wp\/v2\/types\/page"}],"author":[{"embeddable":true,"href":"https:\/\/sportfamily.it\/index.php\/wp-json\/wp\/v2\/users\/1"}],"replies":[{"embeddable":true,"href":"https:\/\/sportfamily.it\/index.php\/wp-json\/wp\/v2\/comments?post=2380"}],"version-history":[{"count":0,"href":"https:\/\/sportfamily.it\/index.php\/wp-json\/wp\/v2\/pages\/2380\/revisions"}],"wp:featuredmedia":[{"embeddable":true,"href":"https:\/\/sportfamily.it\/index.php\/wp-json\/wp\/v2\/media\/10"}],"wp:attachment":[{"href":"https:\/\/sportfamily.it\/index.php\/wp-json\/wp\/v2\/media?parent=2380"}],"curies":[{"name":"wp","href":"https:\/\/api.w.org\/{rel}","templated":true}]}}